{"id":3107,"date":"2025-05-08T09:18:36","date_gmt":"2025-05-08T07:18:36","guid":{"rendered":"https:\/\/praxis-jeziorowski.de\/?page_id=3107"},"modified":"2025-07-14T10:47:15","modified_gmt":"2025-07-14T08:47:15","slug":"imprint","status":"publish","type":"page","link":"https:\/\/praxis-jeziorowski.de\/en\/imprint\/","title":{"rendered":"imprint"},"content":{"rendered":"<p>[vc_row css=&#8221;.vc_custom_1746613909866{padding-bottom: 30px !important;}&#8221;][vc_column][vc_column_text]Information according to \u00a7 5 TMG<\/p>\n<p>Marja Jeziorowski<br \/>\nFreiberger Sra\u00dfe 2<br \/>\n01067 Dresden<\/p>\n<p><strong>Represented by:<\/strong><br \/>\nMarja Jeziorowski<\/p>\n<p><strong>Contact:<\/strong><br \/>\nTel. 0351 &#8211; 821 08 06<br \/>\npraxis.jeziorowski@web.de<\/p>\n<p><strong>Supervisory authority:<\/strong><br \/>\nOstdeutsche Psychotherapeutenkammer OPK<br \/>\nKarl-Rothe-Str. 4, 04105 Leipzig<br \/>\nTel. 0341-4624320<br \/>\nwww.opk-info.de<\/p>\n<p><strong>Licensing authority:<\/strong><br \/>\nS\u00e4chsisches Landespr\u00fcfungsamt f\u00fcr akademische Heilberufe APF<br \/>\nStauffenbergallee 2, 01099 Dresden<br \/>\nTel. 0351-829050<br \/>\nwww.lds.sachsen.de\/lpa\/<\/p>\n<p><strong>Professional title:<\/strong><br \/>\nGraduate psychologist, psychological psychotherapist<\/p>\n<p><strong>Competent chamber:<\/strong><br \/>\nOstdeutsche Psychotherapeutenkammer OPK<\/p>\n<p>The following professional regulations apply:<br \/>\nProfessional Code of Conduct, Saxon Chamber of Health Professions Act, Psychotherapists Act<\/p>\n<p>&nbsp;<\/p>\n<p><strong>Disclaimer<\/strong><\/p>\n<p>Liability for content<br \/>\nThe content of our website has been compiled with the utmost care. However, we cannot accept any liability for the accuracy, completeness and topicality of the content. As a service provider, we are responsible for our own content on these pages in accordance with \u00a7 7 (1) TMG (German Telemedia Act) and general laws. According to \u00a7\u00a7 8 to 10 TMG, however, we as a service provider are not obliged to monitor transmitted or stored third-party information or to investigate circumstances that indicate illegal activity. Obligations to remove or block the use of information in accordance with general legislation remain unaffected by this. However, liability in this respect is only possible from the time of knowledge of a concrete infringement.<\/p>\n<p>As soon as we become aware of such infringements, we will remove the content immediately.<\/p>\n<p>&nbsp;<\/p>\n<p>Liability for links<br \/>\nOur website contains links to external third-party websites over whose content we have no influence. Therefore, we cannot accept any liability for this third-party content. The respective provider or operator of the pages is always responsible for the content of the linked pages. The linked pages were checked for possible legal violations at the time of linking. Illegal content was not recognizable at the time of linking. However, permanent monitoring of the content of the linked pages is not reasonable without concrete evidence of an infringement. As soon as we become aware of such infringements, we will remove the content immediately.<\/p>\n<p>&nbsp;<\/p>\n<p>Copyright<br \/>\nThe content and works created by the site operators on these pages are subject to German copyright law. Duplication, processing, distribution and any kind of exploitation outside the limits of copyright law require the written consent of the respective author or creator. Downloads and copies of this site are only permitted for private, non-commercial use. Insofar as the content on this site was not created by the operator, the copyrights of third parties are respected. In particular, third-party content is identified as such. Should you nevertheless become aware of a copyright infringement, please inform us accordingly. If we become aware of any infringements, we will remove such content immediately.<\/p>\n<p>Source: Imprint generator of the Hasselbach law firm[\/vc_column_text][\/vc_column][\/vc_row]<\/p>\n","protected":false},"excerpt":{"rendered":"<p>[vc_row css=&#8221;.vc_custom_1746613909866{padding-bottom: 30px !important;}&#8221;][vc_column][vc_column_text]Information according to \u00a7 5 TMG Marja Jeziorowski Freiberger Sra\u00dfe 2 01067 Dresden Represented by: Marja Jeziorowski Contact: Tel. 0351 &#8211; 821 08 06 praxis.jeziorowski@web.de Supervisory authority: Ostdeutsche Psychotherapeutenkammer OPK Karl-Rothe-Str. 4, 04105 Leipzig Tel. 0341-4624320 www.opk-info.de Licensing authority: S\u00e4chsisches Landespr\u00fcfungsamt f\u00fcr akademische Heilberufe APF Stauffenbergallee 2, 01099 Dresden Tel. 0351-829050 www.lds.sachsen.de\/lpa\/ [&hellip;]<\/p>\n","protected":false},"author":1,"featured_media":0,"parent":0,"menu_order":0,"comment_status":"closed","ping_status":"closed","template":"","meta":{"footnotes":""},"class_list":["post-3107","page","type-page","status-publish","hentry"],"_links":{"self":[{"href":"https:\/\/praxis-jeziorowski.de\/en\/wp-json\/wp\/v2\/pages\/3107","targetHints":{"allow":["GET"]}}],"collection":[{"href":"https:\/\/praxis-jeziorowski.de\/en\/wp-json\/wp\/v2\/pages"}],"about":[{"href":"https:\/\/praxis-jeziorowski.de\/en\/wp-json\/wp\/v2\/types\/page"}],"author":[{"embeddable":true,"href":"https:\/\/praxis-jeziorowski.de\/en\/wp-json\/wp\/v2\/users\/1"}],"replies":[{"embeddable":true,"href":"https:\/\/praxis-jeziorowski.de\/en\/wp-json\/wp\/v2\/comments?post=3107"}],"version-history":[{"count":3,"href":"https:\/\/praxis-jeziorowski.de\/en\/wp-json\/wp\/v2\/pages\/3107\/revisions"}],"predecessor-version":[{"id":3155,"href":"https:\/\/praxis-jeziorowski.de\/en\/wp-json\/wp\/v2\/pages\/3107\/revisions\/3155"}],"wp:attachment":[{"href":"https:\/\/praxis-jeziorowski.de\/en\/wp-json\/wp\/v2\/media?parent=3107"}],"curies":[{"name":"wp","href":"https:\/\/api.w.org\/{rel}","templated":true}]}}